{"id":311,"date":"2026-02-23T20:56:13","date_gmt":"2026-02-23T19:56:13","guid":{"rendered":"https:\/\/cs-entretien.signatureweb.fr\/?page_id=311"},"modified":"2026-02-23T20:57:02","modified_gmt":"2026-02-23T19:57:02","slug":"politique-relative-aux-services-tiers","status":"publish","type":"page","link":"https:\/\/www.maquette.easywebstudio.fr\/nolwenpatisserie\/politique-relative-aux-services-tiers\/","title":{"rendered":"Politique relative aux services tiers"},"content":{"rendered":"\t\t<div data-elementor-type=\"wp-post\" data-elementor-id=\"311\" class=\"elementor elementor-311\" data-elementor-post-type=\"page\">\n\t\t\t\t<div class=\"elementor-element elementor-element-0c7c48b e-con-full e-flex wpr-particle-no wpr-jarallax-no wpr-parallax-no wpr-sticky-section-no wpr-column-slider-no wpr-equal-height-no e-con e-parent\" data-id=\"0c7c48b\" data-element_type=\"container\" data-e-type=\"container\" data-settings=\"{&quot;background_background&quot;:&quot;classic&quot;,&quot;motion_fx_motion_fx_mouse&quot;:&quot;yes&quot;}\">\n\t\t\t\t<div class=\"elementor-element elementor-element-9552c17 elementor-widget elementor-widget-text-editor\" data-id=\"9552c17\" data-element_type=\"widget\" data-e-type=\"widget\" data-widget_type=\"text-editor.default\">\n\t\t\t\t\t\t\t\t\t<h1 data-start=\"209\" data-end=\"248\">Politique relative aux services tiers<\/h1><h2 data-start=\"250\" data-end=\"272\">1. Google Analytics<\/h2><p data-start=\"274\" data-end=\"418\">Le site utilise <strong data-start=\"290\" data-end=\"331\"><span class=\"hover:entity-accent entity-underline inline cursor-pointer align-baseline\"><span class=\"whitespace-normal\">Google Analytics<\/span><\/span><\/strong>, un service d\u2019analyse d\u2019audience fourni par <strong data-start=\"376\" data-end=\"417\"><span class=\"hover:entity-accent entity-underline inline cursor-pointer align-baseline\"><span class=\"whitespace-normal\">Google LLC<\/span><\/span><\/strong>.<\/p><h3 data-start=\"420\" data-end=\"432\">Finalit\u00e9<\/h3><p data-start=\"434\" data-end=\"530\">Analyser la fr\u00e9quentation du site afin d\u2019am\u00e9liorer les performances et l\u2019exp\u00e9rience utilisateur.<\/p><h3 data-start=\"532\" data-end=\"554\">Donn\u00e9es collect\u00e9es<\/h3><ul data-start=\"556\" data-end=\"707\"><li data-start=\"556\" data-end=\"597\"><p data-start=\"558\" data-end=\"597\">Adresse IP (anonymis\u00e9e si configur\u00e9e)<\/p><\/li><li data-start=\"598\" data-end=\"618\"><p data-start=\"600\" data-end=\"618\">Pages consult\u00e9es<\/p><\/li><li data-start=\"619\" data-end=\"642\"><p data-start=\"621\" data-end=\"642\">Dur\u00e9e de navigation<\/p><\/li><li data-start=\"643\" data-end=\"676\"><p data-start=\"645\" data-end=\"676\">Type d\u2019appareil et navigateur<\/p><\/li><li data-start=\"677\" data-end=\"707\"><p data-start=\"679\" data-end=\"707\">Localisation approximative<\/p><\/li><\/ul><p data-start=\"709\" data-end=\"803\">Ces donn\u00e9es peuvent \u00eatre transf\u00e9r\u00e9es vers des serveurs situ\u00e9s en dehors de l\u2019Union Europ\u00e9enne.<\/p><h3 data-start=\"805\" data-end=\"820\">Base l\u00e9gale<\/h3><p data-start=\"822\" data-end=\"917\">Le traitement repose sur le <strong data-start=\"850\" data-end=\"876\">consentement pr\u00e9alable<\/strong> de l\u2019utilisateur via le bandeau cookies.<\/p><p data-start=\"919\" data-end=\"980\">Les cookies analytiques ne sont d\u00e9pos\u00e9s qu\u2019apr\u00e8s acceptation.<\/p><h3 data-start=\"982\" data-end=\"1007\">Dur\u00e9e de conservation<\/h3><p data-start=\"1009\" data-end=\"1076\">Les donn\u00e9es sont conserv\u00e9es pour une dur\u00e9e maximale de <strong data-start=\"1064\" data-end=\"1075\">13 mois<\/strong>.<\/p><p data-start=\"1078\" data-end=\"1137\">Pour en savoir plus :<br data-start=\"1099\" data-end=\"1102\" \/><a class=\"decorated-link\" href=\"https:\/\/policies.google.com\/privacy\" target=\"_new\" rel=\"noopener\" data-start=\"1102\" data-end=\"1137\">https:\/\/policies.google.com\/privacy<\/a><\/p><hr data-start=\"1139\" data-end=\"1142\" \/><h2 data-start=\"1144\" data-end=\"1189\">2. Cloudflare (s\u00e9curit\u00e9, CDN et reCAPTCHA)<\/h2><p data-start=\"1191\" data-end=\"1281\">Le site utilise les services de <strong data-start=\"1223\" data-end=\"1264\"><span class=\"hover:entity-accent entity-underline inline cursor-pointer align-baseline\"><span class=\"whitespace-normal\">Cloudflare<\/span><\/span><\/strong> afin d\u2019assurer :<\/p><ul data-start=\"1283\" data-end=\"1480\"><li data-start=\"1283\" data-end=\"1357\"><p data-start=\"1285\" data-end=\"1357\">La protection contre les attaques (DDoS, bots, tentatives de piratage)<\/p><\/li><li data-start=\"1358\" data-end=\"1393\"><p data-start=\"1360\" data-end=\"1393\">L\u2019optimisation des performances<\/p><\/li><li data-start=\"1394\" data-end=\"1480\"><p data-start=\"1396\" data-end=\"1480\">La protection des formulaires via le syst\u00e8me de d\u00e9tection automatis\u00e9e (type CAPTCHA)<\/p><\/li><\/ul><p data-start=\"1482\" data-end=\"1534\">Cloudflare agit en tant que sous-traitant technique.<\/p><h3 data-start=\"1536\" data-end=\"1556\">Donn\u00e9es trait\u00e9es<\/h3><ul data-start=\"1558\" data-end=\"1708\"><li data-start=\"1558\" data-end=\"1572\"><p data-start=\"1560\" data-end=\"1572\">Adresse IP<\/p><\/li><li data-start=\"1573\" data-end=\"1602\"><p data-start=\"1575\" data-end=\"1602\">Informations de connexion<\/p><\/li><li data-start=\"1603\" data-end=\"1641\"><p data-start=\"1605\" data-end=\"1641\">Donn\u00e9es techniques li\u00e9es au trafic<\/p><\/li><li data-start=\"1642\" data-end=\"1708\"><p data-start=\"1644\" data-end=\"1708\">Donn\u00e9es comportementales n\u00e9cessaires \u00e0 la d\u00e9tection des robots<\/p><\/li><\/ul><p data-start=\"1710\" data-end=\"1776\">Ces donn\u00e9es peuvent \u00eatre trait\u00e9es en dehors de l\u2019Union Europ\u00e9enne.<\/p><h3 data-start=\"1778\" data-end=\"1793\">Base l\u00e9gale<\/h3><p data-start=\"1795\" data-end=\"1931\">Le traitement repose sur l\u2019<strong data-start=\"1822\" data-end=\"1842\">int\u00e9r\u00eat l\u00e9gitime<\/strong> du responsable du traitement visant \u00e0 garantir la s\u00e9curit\u00e9 du site et pr\u00e9venir les abus.<\/p><p data-start=\"1933\" data-end=\"2003\">Pour plus d\u2019informations :<br data-start=\"1959\" data-end=\"1962\" \/><a class=\"decorated-link\" href=\"https:\/\/www.cloudflare.com\/privacypolicy\/\" target=\"_new\" rel=\"noopener\" data-start=\"1962\" data-end=\"2003\">https:\/\/www.cloudflare.com\/privacypolicy\/<\/a><\/p>\t\t\t\t\t\t\t\t<\/div>\n\t\t\t\t<\/div>\n\t\t\t\t<\/div>\n\t\t","protected":false},"excerpt":{"rendered":"<p>Politique relative aux services tiers 1. Google Analytics Le site utilise Google Analytics, un service d\u2019analyse d\u2019audience fourni par Google LLC. Finalit\u00e9 Analyser la fr\u00e9quentation du site afin d\u2019am\u00e9liorer les performances et l\u2019exp\u00e9rience utilisateur. Donn\u00e9es collect\u00e9es Adresse IP (anonymis\u00e9e si configur\u00e9e) Pages consult\u00e9es Dur\u00e9e de navigation Type d\u2019appareil et navigateur Localisation approximative Ces donn\u00e9es peuvent \u00eatre transf\u00e9r\u00e9es vers des serveurs situ\u00e9s en dehors de l\u2019Union Europ\u00e9enne. Base l\u00e9gale Le traitement repose sur le consentement pr\u00e9alable de l\u2019utilisateur via le bandeau cookies. Les cookies analytiques ne sont d\u00e9pos\u00e9s qu\u2019apr\u00e8s acceptation. Dur\u00e9e de conservation Les donn\u00e9es sont conserv\u00e9es pour une dur\u00e9e maximale de 13 mois. Pour en savoir plus :https:\/\/policies.google.com\/privacy 2. Cloudflare (s\u00e9curit\u00e9, CDN et reCAPTCHA) Le site utilise les services de Cloudflare afin d\u2019assurer : La protection contre les attaques (DDoS, bots, tentatives de piratage) L\u2019optimisation des performances La protection des formulaires via le syst\u00e8me de d\u00e9tection automatis\u00e9e (type CAPTCHA) Cloudflare agit en tant que sous-traitant technique. Donn\u00e9es trait\u00e9es Adresse IP Informations de connexion Donn\u00e9es techniques li\u00e9es au trafic Donn\u00e9es comportementales n\u00e9cessaires \u00e0 la d\u00e9tection des robots Ces donn\u00e9es peuvent \u00eatre trait\u00e9es en dehors de l\u2019Union Europ\u00e9enne. Base l\u00e9gale Le traitement repose sur l\u2019int\u00e9r\u00eat l\u00e9gitime du responsable du traitement visant \u00e0 garantir la s\u00e9curit\u00e9 du site et pr\u00e9venir les abus. Pour plus d\u2019informations :https:\/\/www.cloudflare.com\/privacypolicy\/<\/p>\n","protected":false},"author":1,"featured_media":0,"parent":0,"menu_order":0,"comment_status":"closed","ping_status":"closed","template":"","meta":{"_seopress_robots_primary_cat":"","_seopress_titles_title":"","_seopress_titles_desc":"","_seopress_robots_index":"yes","_seopress_analysis_target_kw":"","inline_featured_image":false,"site-sidebar-layout":"no-sidebar","site-content-layout":"","ast-site-content-layout":"full-width-container","site-content-style":"default","site-sidebar-style":"default","ast-global-header-display":"","ast-banner-title-visibility":"","ast-main-header-display":"","ast-hfb-above-header-display":"","ast-hfb-below-header-display":"","ast-hfb-mobile-header-display":"","site-post-title":"disabled","ast-breadcrumbs-content":"","ast-featured-img":"disabled","footer-sml-layout":"","ast-disable-related-posts":"","theme-transparent-header-meta":"","adv-header-id-meta":"","stick-header-meta":"","header-above-stick-meta":"","header-main-stick-meta":"","header-below-stick-meta":"","astra-migrate-meta-layouts":"default","ast-page-background-enabled":"default","ast-page-background-meta":{"desktop":{"background-color":"var(--ast-global-color-5)","background-image":"","background-repeat":"repeat","background-position":"center center","background-size":"auto","background-attachment":"scroll","background-type":"","background-media":"","overlay-type":"","overlay-color":"","overlay-opacity":"","overlay-gradient":""},"tablet":{"background-color":"","background-image":"","background-repeat":"repeat","background-position":"center center","background-size":"auto","background-attachment":"scroll","background-type":"","background-media":"","overlay-type":"","overlay-color":"","overlay-opacity":"","overlay-gradient":""},"mobile":{"background-color":"","background-image":"","background-repeat":"repeat","background-position":"center center","background-size":"auto","background-attachment":"scroll","background-type":"","background-media":"","overlay-type":"","overlay-color":"","overlay-opacity":"","overlay-gradient":""}},"ast-content-background-meta":{"desktop":{"background-color":"var(--ast-global-color-4)","background-image":"","background-repeat":"repeat","background-position":"center center","background-size":"auto","background-attachment":"scroll","background-type":"","background-media":"","overlay-type":"","overlay-color":"","overlay-opacity":"","overlay-gradient":""},"tablet":{"background-color":"var(--ast-global-color-4)","background-image":"","background-repeat":"repeat","background-position":"center center","background-size":"auto","background-attachment":"scroll","background-type":"","background-media":"","overlay-type":"","overlay-color":"","overlay-opacity":"","overlay-gradient":""},"mobile":{"background-color":"var(--ast-global-color-4)","background-image":"","background-repeat":"repeat","background-position":"center center","background-size":"auto","background-attachment":"scroll","background-type":"","background-media":"","overlay-type":"","overlay-color":"","overlay-opacity":"","overlay-gradient":""}},"footnotes":""},"class_list":["post-311","page","type-page","status-publish","hentry"],"_links":{"self":[{"href":"https:\/\/www.maquette.easywebstudio.fr\/nolwenpatisserie\/wp-json\/wp\/v2\/pages\/311","targetHints":{"allow":["GET"]}}],"collection":[{"href":"https:\/\/www.maquette.easywebstudio.fr\/nolwenpatisserie\/wp-json\/wp\/v2\/pages"}],"about":[{"href":"https:\/\/www.maquette.easywebstudio.fr\/nolwenpatisserie\/wp-json\/wp\/v2\/types\/page"}],"author":[{"embeddable":true,"href":"https:\/\/www.maquette.easywebstudio.fr\/nolwenpatisserie\/wp-json\/wp\/v2\/users\/1"}],"replies":[{"embeddable":true,"href":"https:\/\/www.maquette.easywebstudio.fr\/nolwenpatisserie\/wp-json\/wp\/v2\/comments?post=311"}],"version-history":[{"count":0,"href":"https:\/\/www.maquette.easywebstudio.fr\/nolwenpatisserie\/wp-json\/wp\/v2\/pages\/311\/revisions"}],"wp:attachment":[{"href":"https:\/\/www.maquette.easywebstudio.fr\/nolwenpatisserie\/wp-json\/wp\/v2\/media?parent=311"}],"curies":[{"name":"wp","href":"https:\/\/api.w.org\/{rel}","templated":true}]}}