{"id":301,"date":"2026-02-23T20:50:29","date_gmt":"2026-02-23T19:50:29","guid":{"rendered":"https:\/\/cs-entretien.signatureweb.fr\/?page_id=301"},"modified":"2026-05-01T16:50:32","modified_gmt":"2026-05-01T14:50:32","slug":"mentions-legales","status":"publish","type":"page","link":"https:\/\/www.maquette.easywebstudio.fr\/nolwenpatisserie\/mentions-legales\/","title":{"rendered":"Mentions l\u00e9gales"},"content":{"rendered":"\t\t<div data-elementor-type=\"wp-post\" data-elementor-id=\"301\" class=\"elementor elementor-301\" data-elementor-post-type=\"page\">\n\t\t\t\t<div class=\"elementor-element elementor-element-0c7c48b e-con-full e-flex wpr-particle-no wpr-jarallax-no wpr-parallax-no wpr-sticky-section-no wpr-column-slider-no wpr-equal-height-no e-con e-parent\" data-id=\"0c7c48b\" data-element_type=\"container\" data-e-type=\"container\" data-settings=\"{&quot;background_background&quot;:&quot;classic&quot;,&quot;motion_fx_motion_fx_mouse&quot;:&quot;yes&quot;}\">\n\t\t\t\t<div class=\"elementor-element elementor-element-9552c17 elementor-widget elementor-widget-text-editor\" data-id=\"9552c17\" data-element_type=\"widget\" data-e-type=\"widget\" data-widget_type=\"text-editor.default\">\n\t\t\t\t\t\t\t\t\t<h1>Mentions l\u00e9gales<\/h1><h2>1. \u00c9diteur du site<\/h2><p>Le pr\u00e9sent site internet <strong>mlesfleurs.fr<\/strong> est \u00e9dit\u00e9 par :<\/p><p><strong>Nom \/ Raison sociale :<\/strong> PACARY MELANIE<br \/><strong>Forme juridique :<\/strong> Entrepreneur individuel<br \/><strong>Num\u00e9ro SIREN :<\/strong> 933 295 693<br \/><strong>Num\u00e9ro SIRET :<\/strong> 933 295 693 00024 (si\u00e8ge de l&rsquo;entreprise)<br \/><strong>Num\u00e9ro de TVA intracommunautaire :<\/strong> FR36933295693<br \/><strong>Code APE \/ NAF :<\/strong> 4776Z \u2013 Commerce de d\u00e9tail de fleurs, plantes, graines, engrais, animaux de compagnie et aliments pour ces animaux en magasin sp\u00e9cialis\u00e9<br \/><strong>Date d&rsquo;immatriculation :<\/strong> 01\/10\/2024<br \/><strong>Greffe :<\/strong> RCS Rennes<\/p><p><strong>Adresse du si\u00e8ge social :<\/strong><br \/>Madame M\u00e9lanie Pacary<br \/>12 rue Pasteur<br \/>35460 Maen Roch<br \/>France<\/p><hr \/><h2>2. H\u00e9bergement<\/h2><p>Le site est h\u00e9berg\u00e9 par :<\/p><p><strong>o2switch<\/strong><br \/>SAS au capital de 100 000 \u20ac<br \/>RCS Clermont-Ferrand \u2013 SIRET : 510 909 80700032<br \/>Si\u00e8ge social :<br \/>222 Boulevard Gustave Flaubert<br \/>63000 Clermont-Ferrand<br \/>France<\/p><p>T\u00e9l\u00e9phone : 04 44 44 60 40<br \/>Site web : <a href=\"https:\/\/www.o2switch.fr\/\">https:\/\/www.o2switch.fr<\/a><\/p><hr \/><h2>3. Propri\u00e9t\u00e9 intellectuelle<\/h2><p>L\u2019ensemble du contenu pr\u00e9sent sur le site mlesfleurs.fr (textes, images, graphismes, logo, etc.) est la propri\u00e9t\u00e9 exclusive de PACARY MELANIE, sauf mention contraire.<\/p><p>Toute reproduction, repr\u00e9sentation, modification, publication ou adaptation, totale ou partielle, des \u00e9l\u00e9ments du site, quel que soit le moyen ou le proc\u00e9d\u00e9 utilis\u00e9, est interdite sauf autorisation \u00e9crite pr\u00e9alable.<\/p><hr \/><h2>4. Responsabilit\u00e9<\/h2><p>PACARY MELANIE s\u2019efforce de fournir sur le site mlesfleurs.fr des informations aussi pr\u00e9cises que possible. Toutefois, elle ne pourra \u00eatre tenue responsable des omissions, des inexactitudes et des carences dans la mise \u00e0 jour.<\/p><p>L\u2019utilisateur du site reconna\u00eet utiliser ces informations sous sa responsabilit\u00e9 exclusive.<\/p><hr \/><h2>5. Donn\u00e9es personnelles<\/h2><p>Les informations \u00e9ventuellement collect\u00e9es via le site (formulaire de contact, etc.) sont destin\u00e9es uniquement \u00e0 PACARY MELANIE.<\/p><p>Conform\u00e9ment au R\u00e8glement G\u00e9n\u00e9ral sur la Protection des Donn\u00e9es (RGPD), vous disposez d\u2019un droit d\u2019acc\u00e8s, de rectification et de suppression des donn\u00e9es vous concernant.<\/p><p>Vous pouvez exercer ce droit en adressant une demande \u00e0 l\u2019adresse du si\u00e8ge social mentionn\u00e9e ci-dessus.<\/p><p>Aucune donn\u00e9e personnelle n\u2019est c\u00e9d\u00e9e ou vendue \u00e0 des tiers.<\/p><hr \/><h2>6. Cookies<\/h2><p>Le site mlesfleurs.fr peut \u00eatre amen\u00e9 \u00e0 utiliser des cookies afin d\u2019am\u00e9liorer l\u2019exp\u00e9rience utilisateur.<\/p><p>L\u2019utilisateur peut configurer son navigateur pour refuser les cookies.<\/p><hr \/><h2>7. Droit applicable<\/h2><p>Le pr\u00e9sent site est soumis au droit fran\u00e7ais.<br \/>En cas de litige, les tribunaux fran\u00e7ais seront seuls comp\u00e9tents.<\/p>\t\t\t\t\t\t\t\t<\/div>\n\t\t\t\t<\/div>\n\t\t\t\t<\/div>\n\t\t","protected":false},"excerpt":{"rendered":"<p>Mentions l\u00e9gales 1. \u00c9diteur du site Le pr\u00e9sent site internet mlesfleurs.fr est \u00e9dit\u00e9 par : Nom \/ Raison sociale : PACARY MELANIEForme juridique : Entrepreneur individuelNum\u00e9ro SIREN : 933 295 693Num\u00e9ro SIRET : 933 295 693 00024 (si\u00e8ge de l&rsquo;entreprise)Num\u00e9ro de TVA intracommunautaire : FR36933295693Code APE \/ NAF : 4776Z \u2013 Commerce de d\u00e9tail de fleurs, plantes, graines, engrais, animaux de compagnie et aliments pour ces animaux en magasin sp\u00e9cialis\u00e9Date d&rsquo;immatriculation : 01\/10\/2024Greffe : RCS Rennes Adresse du si\u00e8ge social :Madame M\u00e9lanie Pacary12 rue Pasteur35460 Maen RochFrance 2. H\u00e9bergement Le site est h\u00e9berg\u00e9 par : o2switchSAS au capital de 100 000 \u20acRCS Clermont-Ferrand \u2013 SIRET : 510 909 80700032Si\u00e8ge social :222 Boulevard Gustave Flaubert63000 Clermont-FerrandFrance T\u00e9l\u00e9phone : 04 44 44 60 40Site web : https:\/\/www.o2switch.fr 3. Propri\u00e9t\u00e9 intellectuelle L\u2019ensemble du contenu pr\u00e9sent sur le site mlesfleurs.fr (textes, images, graphismes, logo, etc.) est la propri\u00e9t\u00e9 exclusive de PACARY MELANIE, sauf mention contraire. Toute reproduction, repr\u00e9sentation, modification, publication ou adaptation, totale ou partielle, des \u00e9l\u00e9ments du site, quel que soit le moyen ou le proc\u00e9d\u00e9 utilis\u00e9, est interdite sauf autorisation \u00e9crite pr\u00e9alable. 4. Responsabilit\u00e9 PACARY MELANIE s\u2019efforce de fournir sur le site mlesfleurs.fr des informations aussi pr\u00e9cises que possible. Toutefois, elle ne pourra \u00eatre tenue responsable des omissions, des inexactitudes et des carences dans la mise \u00e0 jour. L\u2019utilisateur du site reconna\u00eet utiliser ces informations sous sa responsabilit\u00e9 exclusive. 5. Donn\u00e9es personnelles Les informations \u00e9ventuellement collect\u00e9es via le site (formulaire de contact, etc.) sont destin\u00e9es uniquement \u00e0 PACARY MELANIE. Conform\u00e9ment au R\u00e8glement G\u00e9n\u00e9ral sur la Protection des Donn\u00e9es (RGPD), vous disposez d\u2019un droit d\u2019acc\u00e8s, de rectification et de suppression des donn\u00e9es vous concernant. Vous pouvez exercer ce droit en adressant une demande \u00e0 l\u2019adresse du si\u00e8ge social mentionn\u00e9e ci-dessus. Aucune donn\u00e9e personnelle n\u2019est c\u00e9d\u00e9e ou vendue \u00e0 des tiers. 6. Cookies Le site mlesfleurs.fr peut \u00eatre amen\u00e9 \u00e0 utiliser des cookies afin d\u2019am\u00e9liorer l\u2019exp\u00e9rience utilisateur. L\u2019utilisateur peut configurer son navigateur pour refuser les cookies. 7. Droit applicable Le pr\u00e9sent site est soumis au droit fran\u00e7ais.En cas de litige, les tribunaux fran\u00e7ais seront seuls comp\u00e9tents.<\/p>\n","protected":false},"author":1,"featured_media":0,"parent":0,"menu_order":0,"comment_status":"closed","ping_status":"closed","template":"","meta":{"_seopress_robots_primary_cat":"","_seopress_titles_title":"","_seopress_titles_desc":"","_seopress_robots_index":"yes","_seopress_analysis_target_kw":"","inline_featured_image":false,"site-sidebar-layout":"no-sidebar","site-content-layout":"","ast-site-content-layout":"full-width-container","site-content-style":"default","site-sidebar-style":"default","ast-global-header-display":"","ast-banner-title-visibility":"","ast-main-header-display":"","ast-hfb-above-header-display":"","ast-hfb-below-header-display":"","ast-hfb-mobile-header-display":"","site-post-title":"disabled","ast-breadcrumbs-content":"","ast-featured-img":"disabled","footer-sml-layout":"","ast-disable-related-posts":"","theme-transparent-header-meta":"","adv-header-id-meta":"","stick-header-meta":"","header-above-stick-meta":"","header-main-stick-meta":"","header-below-stick-meta":"","astra-migrate-meta-layouts":"default","ast-page-background-enabled":"default","ast-page-background-meta":{"desktop":{"background-color":"var(--ast-global-color-5)","background-image":"","background-repeat":"repeat","background-position":"center center","background-size":"auto","background-attachment":"scroll","background-type":"","background-media":"","overlay-type":"","overlay-color":"","overlay-opacity":"","overlay-gradient":""},"tablet":{"background-color":"","background-image":"","background-repeat":"repeat","background-position":"center center","background-size":"auto","background-attachment":"scroll","background-type":"","background-media":"","overlay-type":"","overlay-color":"","overlay-opacity":"","overlay-gradient":""},"mobile":{"background-color":"","background-image":"","background-repeat":"repeat","background-position":"center center","background-size":"auto","background-attachment":"scroll","background-type":"","background-media":"","overlay-type":"","overlay-color":"","overlay-opacity":"","overlay-gradient":""}},"ast-content-background-meta":{"desktop":{"background-color":"var(--ast-global-color-4)","background-image":"","background-repeat":"repeat","background-position":"center center","background-size":"auto","background-attachment":"scroll","background-type":"","background-media":"","overlay-type":"","overlay-color":"","overlay-opacity":"","overlay-gradient":""},"tablet":{"background-color":"var(--ast-global-color-4)","background-image":"","background-repeat":"repeat","background-position":"center center","background-size":"auto","background-attachment":"scroll","background-type":"","background-media":"","overlay-type":"","overlay-color":"","overlay-opacity":"","overlay-gradient":""},"mobile":{"background-color":"var(--ast-global-color-4)","background-image":"","background-repeat":"repeat","background-position":"center center","background-size":"auto","background-attachment":"scroll","background-type":"","background-media":"","overlay-type":"","overlay-color":"","overlay-opacity":"","overlay-gradient":""}},"footnotes":""},"class_list":["post-301","page","type-page","status-publish","hentry"],"_links":{"self":[{"href":"https:\/\/www.maquette.easywebstudio.fr\/nolwenpatisserie\/wp-json\/wp\/v2\/pages\/301","targetHints":{"allow":["GET"]}}],"collection":[{"href":"https:\/\/www.maquette.easywebstudio.fr\/nolwenpatisserie\/wp-json\/wp\/v2\/pages"}],"about":[{"href":"https:\/\/www.maquette.easywebstudio.fr\/nolwenpatisserie\/wp-json\/wp\/v2\/types\/page"}],"author":[{"embeddable":true,"href":"https:\/\/www.maquette.easywebstudio.fr\/nolwenpatisserie\/wp-json\/wp\/v2\/users\/1"}],"replies":[{"embeddable":true,"href":"https:\/\/www.maquette.easywebstudio.fr\/nolwenpatisserie\/wp-json\/wp\/v2\/comments?post=301"}],"version-history":[{"count":3,"href":"https:\/\/www.maquette.easywebstudio.fr\/nolwenpatisserie\/wp-json\/wp\/v2\/pages\/301\/revisions"}],"predecessor-version":[{"id":846,"href":"https:\/\/www.maquette.easywebstudio.fr\/nolwenpatisserie\/wp-json\/wp\/v2\/pages\/301\/revisions\/846"}],"wp:attachment":[{"href":"https:\/\/www.maquette.easywebstudio.fr\/nolwenpatisserie\/wp-json\/wp\/v2\/media?parent=301"}],"curies":[{"name":"wp","href":"https:\/\/api.w.org\/{rel}","templated":true}]}}